{"id":114,"date":"2022-03-01T01:30:39","date_gmt":"2022-03-01T01:30:39","guid":{"rendered":"http:\/\/sound.bkns.biz\/?page_id=114"},"modified":"2022-03-01T01:38:00","modified_gmt":"2022-03-01T01:38:00","slug":"dia-chi-mua-hang","status":"publish","type":"page","link":"https:\/\/sound.bkns.biz\/?page_id=114","title":{"rendered":"N\u01a1i \u0111\u1ec3 mua"},"content":{"rendered":"\t<section class=\"section\" id=\"section_1571950484\">\n\t\t<div class=\"bg section-bg fill bg-fill  bg-loaded\" >\n\n\t\t\t\n\t\t\t\n\t\t\t\n\n\t\t<\/div><!-- .section-bg -->\n\n\t\t<div class=\"section-content relative\">\n\t\t\t\n<div class=\"row\"  id=\"row-390127893\">\n<div class=\"col small-12 large-12\"  ><div class=\"col-inner\"  >\n<header class=\"main-header-wrapper logo-align-left\" role=\"banner\">\n<div class=\"main-header\">\n<div class=\"main-header-inner\">\n<div class=\"branding\"><a class=\"logo\" href=\"https:\/\/isound.com\/\"><img src=\"https:\/\/cdn11.bigcommerce.com\/s-731n6\/images\/stencil\/250x45\/isound-logo_1518459969__73319.original.png\" alt=\"I \u00e2m thanh\" \/><\/a><\/div>\n<nav class=\"navigation mega-nav-enabled\">\n<ul class=\"navigation-tier navigation-tier-primary desktop\">\n<li class=\"mega-nav-trigger has-dropdown\" data-mega-nav-trigger=\"\"><a href=\"https:\/\/isound.com\/where-to-buy\/#\">Mua s\u1eafm t\u1ea5t c\u1ea3<\/a><button class=\"dropdown-toggle\"><\/button><\/li>\n<\/ul>\n<\/nav>\n<\/div>\n<\/div>\n<\/header>\n<div class=\"main-content content-aligned-left\">\n<div class=\"breadcrumbs\"><a href=\"https:\/\/isound.com\/\">TRANG CH\u1ee6\u00a0<\/a><span class=\"divider\">\/\u00a0<\/span><a href=\"https:\/\/isound.com\/where-to-buy\/\">MUA \u1ede \u0110\u00c2U<\/a><\/div>\n<h1 class=\"page-title\">N\u01a0I \u0110\u1ec2 MUA<\/h1>\n<div class=\"page-wrapper\">\n<div class=\"page-content rte\">\n<p>Mua s\u1ea3n ph\u1ea9m iSound tr\u1ef1c tuy\u1ebfn t\u1ea1i Amazon<\/p>\n<p><a href=\"http:\/\/www.amazon.com\/iSound\/b\/ref=bl_dp_s_web_2529673011?ie=UTF8&amp;node=2529673011&amp;field-lbr_brands_browse-bin=iSound\" target=\"_blank\" rel=\"noopener noreferrer\"><img loading=\"lazy\" class=\"__mce_add_custom__\" title=\"amazon-logo.png\" src=\"https:\/\/isound.com\/product_images\/uploaded_images\/amazon-logo.png\" alt=\"amazon-logo.png\" width=\"314\" height=\"88\" \/><\/a><\/p>\n<p>\u0110\u1ed1i v\u1edbi kh\u00e1ch h\u00e0ng Canada c\u1ee7a ch\u00fang t\u00f4i, h\u00e3y mua h\u00e0ng tr\u1ef1c tuy\u1ebfn t\u1eeb Walmart.<\/p>\n<p><a href=\"https:\/\/www.walmart.ca\/en\/isound\/N-1020103\" target=\"_blank\" rel=\"noopener noreferrer\"><img loading=\"lazy\" class=\"__mce_add_custom__\" title=\"walmart-wsparktm-tag.png\" src=\"https:\/\/isound.com\/product_images\/uploaded_images\/walmart-wsparktm-tag.png\" alt=\"walmart-wsparktm-tag.png\" width=\"456\" height=\"125\" \/><\/a><\/p>\n<p>C\u0169ng mua t\u1eeb nh\u1eefng nh\u00e0 b\u00e1n l\u1ebb n\u00e0y<\/p>\n<p><img loading=\"lazy\" class=\"__mce_add_custom__\" title=\"logo.jpg\" src=\"https:\/\/isound.com\/product_images\/uploaded_images\/logos.jpg\" alt=\"logo.jpg\" width=\"1011\" height=\"658\" \/><\/p>\n<\/div>\n<\/div>\n<\/div>\n<\/div><\/div>\n<\/div>\n\t\t<\/div><!-- .section-content -->\n\n\t\t\n<style scope=\"scope\">\n\n#section_1571950484 {\n  padding-top: 30px;\n  padding-bottom: 30px;\n}\n<\/style>\n\t<\/section>\n\t\n","protected":false},"excerpt":{"rendered":"","protected":false},"author":1,"featured_media":0,"parent":0,"menu_order":0,"comment_status":"closed","ping_status":"closed","template":"page-blank.php","meta":[],"_links":{"self":[{"href":"https:\/\/sound.bkns.biz\/index.php?rest_route=\/wp\/v2\/pages\/114"}],"collection":[{"href":"https:\/\/sound.bkns.biz\/index.php?rest_route=\/wp\/v2\/pages"}],"about":[{"href":"https:\/\/sound.bkns.biz\/index.php?rest_route=\/wp\/v2\/types\/page"}],"author":[{"embeddable":true,"href":"https:\/\/sound.bkns.biz\/index.php?rest_route=\/wp\/v2\/users\/1"}],"replies":[{"embeddable":true,"href":"https:\/\/sound.bkns.biz\/index.php?rest_route=%2Fwp%2Fv2%2Fcomments&post=114"}],"version-history":[{"count":3,"href":"https:\/\/sound.bkns.biz\/index.php?rest_route=\/wp\/v2\/pages\/114\/revisions"}],"predecessor-version":[{"id":128,"href":"https:\/\/sound.bkns.biz\/index.php?rest_route=\/wp\/v2\/pages\/114\/revisions\/128"}],"wp:attachment":[{"href":"https:\/\/sound.bkns.biz\/index.php?rest_route=%2Fwp%2Fv2%2Fmedia&parent=114"}],"curies":[{"name":"wp","href":"https:\/\/api.w.org\/{rel}","templated":true}]}}