{"id":116,"date":"2022-03-01T01:31:21","date_gmt":"2022-03-01T01:31:21","guid":{"rendered":"http:\/\/sound.bkns.biz\/?page_id=116"},"modified":"2022-03-02T00:57:55","modified_gmt":"2022-03-02T00:57:55","slug":"dang-ky-san-pham","status":"publish","type":"page","link":"https:\/\/sound.bkns.biz\/?page_id=116","title":{"rendered":"\u0110\u0103ng k\u00fd s\u1ea3n ph\u1ea9m"},"content":{"rendered":"\t<section class=\"section\" id=\"section_1599890722\">\n\t\t<div class=\"bg section-bg fill bg-fill  bg-loaded\" >\n\n\t\t\t\n\t\t\t\n\t\t\t\n\n\t\t<\/div><!-- .section-bg -->\n\n\t\t<div class=\"section-content relative\">\n\t\t\t\n<div class=\"row\"  id=\"row-653891989\">\n<div class=\"col index-module-tex small-12 large-12\"  ><div class=\"col-inner\"  >\n<p>\u0110\u0102NG K\u00dd S\u1ea2N PH\u1ea8M<\/p>\n<\/div><\/div>\n<\/div>\n<div class=\"row\"  id=\"row-1434299324\">\n<div class=\"col medium-7 small-12 large-7\"  ><div class=\"col-inner text-center box-shadow-1\" style=\"background-color:rgb(245, 231, 231);padding:35px 15px 0px 12px;margin:0px px 0px 0px;\" >\n<div role=\"form\" class=\"wpcf7\" id=\"wpcf7-f135-o1\" lang=\"vi\" dir=\"ltr\">\n<div class=\"screen-reader-response\" aria-live=\"polite\"><\/div>\n<form action=\"\/index.php?rest_route=%2Fwp%2Fv2%2Fpages%2F116#wpcf7-f135-o1\" method=\"post\" class=\"wpcf7-form\" novalidate=\"novalidate\">\n<div style=\"display: none;\">\n<input type=\"hidden\" name=\"_wpcf7\" value=\"135\" \/>\n<input type=\"hidden\" name=\"_wpcf7_version\" value=\"5.1.9\" \/>\n<input type=\"hidden\" name=\"_wpcf7_locale\" value=\"vi\" \/>\n<input type=\"hidden\" name=\"_wpcf7_unit_tag\" value=\"wpcf7-f135-o1\" \/>\n<input type=\"hidden\" name=\"_wpcf7_container_post\" value=\"0\" \/>\n<\/div>\n<p><span class=\"wpcf7-form-control-wrap your-Name\"><input type=\"email\" name=\"your-Name\" value=\"\" size=\"40\" class=\"wpcf7-form-control wpcf7-text wpcf7-email wpcf7-validates-as-required wpcf7-validates-as-email\" aria-required=\"true\" aria-invalid=\"false\" placeholder=\"H\u1ecd v\u00e0 t\u00ean\" \/><\/span><br \/>\n<span class=\"wpcf7-form-control-wrap your-Addressp\"><input type=\"email\" name=\"your-Addressp\" value=\"\" size=\"40\" class=\"wpcf7-form-control wpcf7-text wpcf7-email wpcf7-validates-as-required wpcf7-validates-as-email\" aria-required=\"true\" aria-invalid=\"false\" placeholder=\"\u0110\u1ecba ch\u1ec9\" \/><\/span><br \/>\n<span class=\"wpcf7-form-control-wrap your-City\"><input type=\"email\" name=\"your-City\" value=\"\" size=\"40\" class=\"wpcf7-form-control wpcf7-text wpcf7-email wpcf7-validates-as-required wpcf7-validates-as-email\" aria-required=\"true\" aria-invalid=\"false\" placeholder=\"Th\u00e0nh ph\u1ed1\" \/><\/span><br \/>\n<span class=\"wpcf7-form-control-wrap date-774\"><input type=\"date\" name=\"date-774\" value=\"\" class=\"wpcf7-form-control wpcf7-date wpcf7-validates-as-required wpcf7-validates-as-date\" aria-required=\"true\" aria-invalid=\"false\" \/><\/span><br \/>\n<span class=\"wpcf7-form-control-wrap your-Phone\"><input type=\"tel\" name=\"your-Phone\" value=\"\" size=\"40\" class=\"wpcf7-form-control wpcf7-text wpcf7-tel wpcf7-validates-as-required wpcf7-validates-as-tel\" aria-required=\"true\" aria-invalid=\"false\" placeholder=\"S\u1ed1 \u0111i\u1ec7n Tho\u1ea1i\" \/><\/span><br \/>\n<span class=\"wpcf7-form-control-wrap your-email\"><input type=\"email\" name=\"your-email\" value=\"\" size=\"40\" class=\"wpcf7-form-control wpcf7-text wpcf7-email wpcf7-validates-as-required wpcf7-validates-as-email\" aria-required=\"true\" aria-invalid=\"false\" placeholder=\"\u0110\u1ecba ch\u1ec9 email\" \/><\/span><br \/>\n<span class=\"wpcf7-form-control-wrap textarea-725\"><textarea name=\"textarea-725\" cols=\"40\" rows=\"10\" class=\"wpcf7-form-control wpcf7-textarea wpcf7-validates-as-required\" aria-required=\"true\" aria-invalid=\"false\" placeholder=\"D\u1ecbch v\u1ee5 kh\u00e1ch h\u00e0ng\"><\/textarea><\/span><br \/>\n<button type=\"submit\" class=\"btn btn-primary btn-send\"><i class=\"fa fa-paper-plane\" aria-hidden=\"true\"><\/i> G\u1eedi tin<\/p>\n<div class=\"wpcf7-response-output wpcf7-display-none\" aria-hidden=\"true\"><\/div><\/form><\/div>\n<\/div><\/div>\n<div class=\"col medium-5 small-12 large-5\"  ><div class=\"col-inner\"  >\n\t<div class=\"img has-hover x md-x lg-x y md-y lg-y\" id=\"image_1165466826\">\n\t\t\t\t\t\t\t\t<div class=\"img-inner image-cover dark\" style=\"padding-top:551px;\">\n\t\t\t<img width=\"500\" height=\"500\" src=\"https:\/\/sound.bkns.biz\/wp-content\/uploads\/2022\/02\/\u00ea13.png\" class=\"attachment-large size-large\" alt=\"\" loading=\"lazy\" srcset=\"https:\/\/sound.bkns.biz\/wp-content\/uploads\/2022\/02\/\u00ea13.png 500w, https:\/\/sound.bkns.biz\/wp-content\/uploads\/2022\/02\/\u00ea13-300x300.png 300w, https:\/\/sound.bkns.biz\/wp-content\/uploads\/2022\/02\/\u00ea13-150x150.png 150w, https:\/\/sound.bkns.biz\/wp-content\/uploads\/2022\/02\/\u00ea13-100x100.png 100w\" sizes=\"(max-width: 500px) 100vw, 500px\" \/>\t\t\t\t\t\t\n\t\t\t\t\t<\/div>\n\t\t\t\t\t\t\t\t\n<style scope=\"scope\">\n\n#image_1165466826 {\n  width: 100%;\n}\n<\/style>\n\t<\/div>\n\t\n<\/div><\/div>\n<\/div>\n\t\t<\/div><!-- .section-content -->\n\n\t\t\n<style scope=\"scope\">\n\n#section_1599890722 {\n  padding-top: 30px;\n  padding-bottom: 30px;\n}\n<\/style>\n\t<\/section>\n\t\n","protected":false},"excerpt":{"rendered":"","protected":false},"author":1,"featured_media":0,"parent":0,"menu_order":0,"comment_status":"closed","ping_status":"closed","template":"","meta":[],"_links":{"self":[{"href":"https:\/\/sound.bkns.biz\/index.php?rest_route=\/wp\/v2\/pages\/116"}],"collection":[{"href":"https:\/\/sound.bkns.biz\/index.php?rest_route=\/wp\/v2\/pages"}],"about":[{"href":"https:\/\/sound.bkns.biz\/index.php?rest_route=\/wp\/v2\/types\/page"}],"author":[{"embeddable":true,"href":"https:\/\/sound.bkns.biz\/index.php?rest_route=\/wp\/v2\/users\/1"}],"replies":[{"embeddable":true,"href":"https:\/\/sound.bkns.biz\/index.php?rest_route=%2Fwp%2Fv2%2Fcomments&post=116"}],"version-history":[{"count":7,"href":"https:\/\/sound.bkns.biz\/index.php?rest_route=\/wp\/v2\/pages\/116\/revisions"}],"predecessor-version":[{"id":210,"href":"https:\/\/sound.bkns.biz\/index.php?rest_route=\/wp\/v2\/pages\/116\/revisions\/210"}],"wp:attachment":[{"href":"https:\/\/sound.bkns.biz\/index.php?rest_route=%2Fwp%2Fv2%2Fmedia&parent=116"}],"curies":[{"name":"wp","href":"https:\/\/api.w.org\/{rel}","templated":true}]}}