{"id":124,"date":"2022-03-01T01:36:40","date_gmt":"2022-03-01T01:36:40","guid":{"rendered":"http:\/\/sound.bkns.biz\/?page_id=124"},"modified":"2022-03-01T02:20:48","modified_gmt":"2022-03-01T02:20:48","slug":"cong-ty","status":"publish","type":"page","link":"https:\/\/sound.bkns.biz\/?page_id=124","title":{"rendered":"C\u00f4ng ty"},"content":{"rendered":"\t<section class=\"section\" id=\"section_1545467643\">\n\t\t<div class=\"bg section-bg fill bg-fill  bg-loaded\" >\n\n\t\t\t\n\t\t\t\n\t\t\t\n\n\t\t<\/div><!-- .section-bg -->\n\n\t\t<div class=\"section-content relative\">\n\t\t\t\n<div class=\"row\"  id=\"row-871497355\">\n<div class=\"col small-12 large-12\"  ><div class=\"col-inner\"  >\n<h1 class=\"page-title\"><span>C\u00d4NG TY<\/span><\/h1>\n<div class=\"page-wrapper\">\n<div class=\"page-content rte\">\n<div class=\"cms-zone\">\n<p><span>dreamGEAR \/ iSound l\u00e0 m\u1ed9t trong nh\u1eefng c\u00f4ng ty tr\u00f2 ch\u01a1i \u0111i\u1ec7n t\u1eed v\u00e0 ph\u1ee5 ki\u1ec7n iPod \/ MP3 ph\u00e1t tri\u1ec3n nhanh nh\u1ea5t t\u1ea1i Hoa K\u1ef3, \u0111\u1ed3ng th\u1eddi l\u00e0 nh\u00e0 cung c\u1ea5p h\u00e0ng \u0111\u1ea7u v\u1ec1 loa di \u0111\u1ed9ng cao c\u1ea5p mang th\u01b0\u01a1ng hi\u1ec7u i.Sound.\u00a0\u0110\u01b0\u1ee3c th\u00fac \u0111\u1ea9y b\u1edfi ni\u1ec1m \u0111am m\u00ea \u0111\u1ed5i m\u1edbi v\u00e0 mong mu\u1ed1n \u0111\u00e1p \u1ee9ng nhu c\u1ea7u c\u1ee7a kh\u00e1ch h\u00e0ng, dreamGEAR \/ iSound cung c\u1ea5p c\u00e1c ph\u1ee5 ki\u1ec7n ch\u1ea5t l\u01b0\u1ee3ng cao, gi\u00e1 c\u1ea3 ph\u1ea3i ch\u0103ng tr\u00ean t\u1ea5t c\u1ea3 c\u00e1c n\u1ec1n t\u1ea3ng tr\u00f2 ch\u01a1i \u0111i\u1ec7n t\u1eed.\u00a0\u0110\u1ed9i ng\u0169 qu\u1ea3n l\u00fd c\u1ee7a dreamGEAR \/ iSound t\u1eadp h\u1ee3p h\u01a1n 50 n\u0103m kinh nghi\u1ec7m v\u1ec1 c\u00f4ng ngh\u1ec7 gi\u1ea3i tr\u00ed v\u00e0 tr\u00f2 ch\u01a1i, \u0111\u1ed3ng th\u1eddi t\u1eadn t\u00e2m \u0111\u1ec3 \u0111\u1ea3m b\u1ea3o r\u1eb1ng th\u01b0\u01a1ng hi\u1ec7u ti\u1ebfp t\u1ee5c cung c\u1ea5p c\u00e1c s\u1ea3n ph\u1ea9m s\u00e1ng t\u1ea1o, d\u1ecbch v\u1ee5 kh\u00e1ch h\u00e0ng cao c\u1ea5p, giao h\u00e0ng nhanh ch\u00f3ng v\u00e0 gi\u00e1 c\u1ea3 c\u1ea1nh tranh cao.<\/span><\/p>\n<p><span>K\u1ec3 t\u1eeb khi ra m\u1eaft d\u00f2ng ph\u1ee5 ki\u1ec7n tr\u00f2 ch\u01a1i \u0111i\u1ec7n t\u1eed \u0111\u1ea7u ti\u00ean v\u00e0o n\u0103m 2002, dreamGEAR \/ iSound \u0111\u00e3 kh\u1eb3ng \u0111\u1ecbnh m\u00ecnh l\u00e0 ng\u01b0\u1eddi d\u1eabn \u0111\u1ea7u trong ng\u00e0nh s\u1ea3n ph\u1ea9m tr\u00f2 ch\u01a1i.\u00a0C\u00e1c d\u00f2ng s\u1ea3n ph\u1ea9m c\u1ee7a h\u1ecd \u0111\u00e3 \u0111\u01b0\u1ee3c c\u00e1c game th\u1ee7 chuy\u00ean nghi\u1ec7p c\u0169ng nh\u01b0 ng\u01b0\u1eddi m\u1edbi b\u1eaft \u0111\u1ea7u \u0111\u00f3n nh\u1eadn n\u1ed3ng nhi\u1ec7t v\u00e0 c\u00e1c ph\u1ee5 ki\u1ec7n c\u1ee7a dreamGEAR \/ iSound hi\u1ec7n \u0111\u01b0\u1ee3c coi l\u00e0 s\u1ea3n ph\u1ea9m ph\u1ea3i c\u00f3 trong h\u1ed9p s\u1ed1 c\u1ee7a m\u1ecdi ng\u01b0\u1eddi ch\u01a1i.<\/span><\/p>\n<p><span>N\u0103m 2006, dreamGEAR \/ iSound t\u1ef1 h\u00e0o gi\u1edbi thi\u1ec7u d\u00f2ng loa ch\u1ea5t l\u01b0\u1ee3ng cao i.Sound c\u1ee7a h\u1ecd d\u00e0nh cho t\u1ea5t c\u1ea3 c\u00e1c m\u1eabu iPod\u00ae, Zune, m\u00e1y nghe nh\u1ea1c MP3 v\u00e0 thi\u1ebft b\u1ecb PSP (PlayStation\u00ae Portable).\u00a0D\u00f2ng i.Sound mang \u0111\u1ebfn \u00e2m thanh \u0111\u1eadm n\u00e9t trong m\u1ed9t g\u00f3i thi\u1ebft k\u1ebf \u0111\u1eb9p, nh\u1ecf g\u1ecdn v\u00e0 phong c\u00e1ch ph\u00f9 h\u1ee3p v\u1edbi phong c\u00e1ch s\u1ed1ng c\u1ee7a th\u1ebf h\u1ec7 m\u1edbi.\u00a0i.Sound cho ph\u00e9p nh\u1eefng ng\u01b0\u1eddi y\u00eau \u00e2m nh\u1ea1c v\u00e0 game th\u1ee7 th\u01b0\u1edfng th\u1ee9c \u00e2m thanh tr\u00e0n ng\u1eadp c\u0103n ph\u00f2ng \u1edf b\u1ea5t c\u1ee9 \u0111\u00e2u h\u1ecd \u0111\u1ebfn.\u00a0\u0110\u01b0\u1ee3c thi\u1ebft k\u1ebf \u0111\u1ec3 l\u00e0m h\u00e0i l\u00f2ng nh\u1eefng nh\u00e0 ph\u00ea b\u00ecnh kh\u00f3 t\u00ednh nh\u1ea5t, d\u00f2ng s\u1ea3n ph\u1ea9m i.Sound \u0111\u1eb7t ra nh\u1eefng ti\u00eau chu\u1ea9n m\u1edbi v\u1ec1 ch\u1ea5t l\u01b0\u1ee3ng v\u00e0 kh\u1ea3 n\u0103ng chi tr\u1ea3 trong to\u00e0n ng\u00e0nh c\u00f4ng nghi\u1ec7p loa.<\/span><\/p>\n<p><span>N\u0103m 2007, t\u1ea1p ch\u00ed Doanh nh\u00e2n \u0111\u00e3 \u0111\u01b0a dreamGEAR \/ iSound v\u00e0o danh s\u00e1ch &#8220;Hot 500&#8221; h\u00e0ng n\u0103m c\u1ee7a h\u1ecd v\u1ec1 c\u00e1c c\u00f4ng ty ph\u00e1t tri\u1ec3n nhanh nh\u1ea5t \u1edf M\u1ef9. Gi\u1ea3i th\u01b0\u1edfng Thi\u1ebft k\u1ebf v\u00e0 K\u1ef9 thu\u1eadt \u0110\u1ed5i m\u1edbi.\u00a0Nh\u1eefng vinh d\u1ef1 n\u00e0y \u0111\u00e1nh d\u1ea5u n\u0103m th\u1ee9 ba li\u00ean ti\u1ebfp m\u1ed9t s\u1ea3n ph\u1ea9m dreamGEAR \/ iSound \u0111\u01b0\u1ee3c trao gi\u1ea3i th\u01b0\u1edfng.\u00a0dreamGEAR \/ iSound g\u1ea7n \u0111\u00e2y c\u0169ng \u0111\u00e3 c\u00f4ng b\u1ed1 li\u00ean minh v\u1edbi BC Rich Guitars huy\u1ec1n tho\u1ea1i \u0111\u1ec3 c\u00f9ng t\u1ea1o ra nh\u1eefng b\u1ed9 \u0111i\u1ec1u khi\u1ec3n guitar mang t\u00ednh c\u00e1ch m\u1ea1ng v\u00e0 s\u1ed1ng \u0111\u1ed9ng nh\u01b0 th\u1eadt.\u00a0Li\u00ean minh n\u00e0y l\u00e0 s\u1ef1 h\u1ee3p t\u00e1c \u0111\u1ea7u ti\u00ean gi\u1eefa nh\u00e0 s\u1ea3n xu\u1ea5t b\u1ed9 \u0111i\u1ec1u khi\u1ec3n guitar b\u00ean th\u1ee9 ba v\u00e0 m\u1ed9t c\u00f4ng ty guitar l\u1edbn.<\/span><\/p>\n<p><span>Th\u00e0nh c\u00f4ng li\u00ean t\u1ee5c c\u1ee7a dreamGEAR \/ iSound l\u00e0 nh\u1edd s\u1ef1 c\u1ed1ng hi\u1ebfn c\u1ee7a c\u00f4ng ty trong vi\u1ec7c cung c\u1ea5p c\u00e1c s\u1ea3n ph\u1ea9m ch\u1ea5t l\u01b0\u1ee3ng v\u00e0 d\u00f2ng ph\u1ee5 ki\u1ec7n tr\u00f2 ch\u01a1i \u0111i\u1ec7n t\u1eed v\u00e0 m\u00e1y nghe nh\u1ea1c MP3 to\u00e0n di\u1ec7n nh\u1ea5t tr\u00ean th\u1ecb tr\u01b0\u1eddng.\u00a0C\u00f4ng ty c\u1ed1 g\u1eafng li\u00ean t\u1ee5c ph\u00e1t tri\u1ec3n d\u00f2ng s\u1ea3n ph\u1ea9m c\u1ee7a h\u1ecd v\u00e0 ph\u00e1t tri\u1ec3n b\u1ed9 \u0111i\u1ec1u khi\u1ec3n, loa v\u00e0 ph\u1ee5 ki\u1ec7n m\u1edbi nh\u1ea5t cho t\u1ea5t c\u1ea3 c\u00e1c n\u1ec1n t\u1ea3ng \u0111\u1ec3 \u0111\u00e1p \u1ee9ng nhu c\u1ea7u ng\u00e0y c\u00e0ng t\u0103ng c\u1ee7a kh\u00e1ch h\u00e0ng.<\/span><\/p>\n<p><strong><span>Theo ch\u00fang t\u00f4i:<\/span><\/strong><\/p>\n<p><a href=\"http:\/\/www.facebook.com\/dreamgear\" target=\"\u201d_blank\u201d\" rel=\"noopener noreferrer\"><img src=\"http:\/\/www.dreamgear.net\/skin\/frontend\/dreamgear\/default\/images\/fbook.jpg\" alt=\"\" \/><\/a>\u00a0\u00a0<a href=\"http:\/\/www.twitter.com\/dreamgear\" target=\"\u201d_blank\u201d\" rel=\"noopener noreferrer\"><img src=\"http:\/\/www.dreamgear.net\/skin\/frontend\/dreamgear\/default\/images\/twitter.jpg\" alt=\"\" \/><\/a>\u00a0\u00a0<a href=\"http:\/\/www.youtube.com\/dreamgearllc\" target=\"\u201d_blank\u201d\" rel=\"noopener noreferrer\"><img src=\"http:\/\/www.dreamgear.net\/skin\/frontend\/dreamgear\/default\/images\/youtube.jpg\" alt=\"\" \/><\/a><\/p>\n<p><span>\u0110\u1ec3 c\u00f3 danh m\u1ee5c \u0111\u1ea7y \u0111\u1ee7 c\u00e1c s\u1ea3n ph\u1ea9m c\u1ee7a ch\u00fang t\u00f4i, vui l\u00f2ng truy c\u1eadp: Danh m\u1ee5c s\u1ea3n ph\u1ea9m ho\u00e0n ch\u1ec9nh c\u1ee7a iSound dreamGEAR v\u00e0<\/span><br \/><a href=\"http:\/\/assets.dreamgear.net\/Catalog\/2012_iSound_Digital_Catalog.pdf\" target=\"\u201d_blank\u201d\" rel=\"noopener noreferrer\"><span>Danh m\u1ee5c s\u1ea3n ph\u1ea9m ho\u00e0n ch\u1ec9nh<\/span><\/a><br \/><a href=\"http:\/\/assets.dreamgear.net\/Catalog\/2012_dreamGEAR_Video_Game_Accessories_PlugNplay_Toys_Digital_Catalog.pdf\" target=\"\u201d_blank\u201d\" rel=\"noopener noreferrer\"><span>Plug N &#8216;Play<\/span><\/a><\/p>\n<\/div>\n<\/div>\n<\/div>\n<\/div><\/div>\n<\/div>\n\t\t<\/div><!-- .section-content -->\n\n\t\t\n<style scope=\"scope\">\n\n#section_1545467643 {\n  padding-top: 30px;\n  padding-bottom: 30px;\n}\n<\/style>\n\t<\/section>\n\t\n","protected":false},"excerpt":{"rendered":"","protected":false},"author":1,"featured_media":0,"parent":0,"menu_order":0,"comment_status":"closed","ping_status":"closed","template":"page-blank.php","meta":[],"_links":{"self":[{"href":"https:\/\/sound.bkns.biz\/index.php?rest_route=\/wp\/v2\/pages\/124"}],"collection":[{"href":"https:\/\/sound.bkns.biz\/index.php?rest_route=\/wp\/v2\/pages"}],"about":[{"href":"https:\/\/sound.bkns.biz\/index.php?rest_route=\/wp\/v2\/types\/page"}],"author":[{"embeddable":true,"href":"https:\/\/sound.bkns.biz\/index.php?rest_route=\/wp\/v2\/users\/1"}],"replies":[{"embeddable":true,"href":"https:\/\/sound.bkns.biz\/index.php?rest_route=%2Fwp%2Fv2%2Fcomments&post=124"}],"version-history":[{"count":2,"href":"https:\/\/sound.bkns.biz\/index.php?rest_route=\/wp\/v2\/pages\/124\/revisions"}],"predecessor-version":[{"id":134,"href":"https:\/\/sound.bkns.biz\/index.php?rest_route=\/wp\/v2\/pages\/124\/revisions\/134"}],"wp:attachment":[{"href":"https:\/\/sound.bkns.biz\/index.php?rest_route=%2Fwp%2Fv2%2Fmedia&parent=124"}],"curies":[{"name":"wp","href":"https:\/\/api.w.org\/{rel}","templated":true}]}}